{"id":9,"date":"2011-01-12T20:38:03","date_gmt":"2011-01-12T19:38:03","guid":{"rendered":"http:\/\/camping-stieglitz.de\/"},"modified":"2026-03-31T13:20:52","modified_gmt":"2026-03-31T12:20:52","slug":"wir-uber-den-campingplatz","status":"publish","type":"page","link":"https:\/\/camping-stieglitz.de\/?page_id=9","title":{"rendered":"Camping"},"content":{"rendered":"<p style=\"text-align: justify;\"><span style=\"font-family: arial, helvetica, sans-serif; font-size: 12px;\">Seit \u00fcber 50 Jahren empfangen wir unsere G\u00e4ste aus aller Welt am Nordstrand des Ostseeheilbads Dahme. Gro\u00dfz\u00fcgig auf 8 ha angelegte Ferienanlage mit Mobilheimen zum Mieten und Wohnen, Komfort Stellpl\u00e4tzen f\u00fcr Wohnmobile und Wohnwagen, kleine Zeltwiese. Unser Deichladen&nbsp; mit frischen Br\u00f6tchen, allem f\u00fcr den t\u00e4glichen Bedarf zum gro\u00dfen Teil Bio-Ware, Zeitschriften, Getr\u00e4nken, Souvenirs und Geschenkartikel, Sandspielzeug, eine kleine Auswahl an Campingartikeln finden Sie gleich hinter dem Deich. Wir haben f\u00fcr Sie vom 01.April bis zum 31.Oktober 2026 ge\u00f6ffnet. Die Sonder\u00f6ffnungszeiten im Winter 26\/27 geben wir fr\u00fchzeitig bekannt.<br \/>\n<\/span><\/p>\n<p style=\"text-align: right;\"><span style=\"font-family: arial, helvetica, sans-serif; font-size: 12px;\">Wir freuen uns auf Ihren Besuch auf dem Camping Stieglitz!<\/span><\/p>\n<p style=\"text-align: right;\"><span style=\"font-family: arial, helvetica, sans-serif; font-size: 12px;\">Ihr<\/span><\/p>\n<p style=\"text-align: right;\"><span style=\"font-family: arial, helvetica, sans-serif; font-size: 12px;\">Thomas Stieglitz<\/span><\/p>\n<p>&nbsp;<\/p>\n","protected":false},"excerpt":{"rendered":"<p>Seit \u00fcber 50 Jahren empfangen wir unsere G\u00e4ste aus aller Welt am Nordstrand des Ostseeheilbads Dahme. Gro\u00dfz\u00fcgig auf 8 ha angelegte Ferienanlage mit Mobilheimen zum Mieten und Wohnen, Komfort Stellpl\u00e4tzen f\u00fcr Wohnmobile und Wohnwagen, kleine Zeltwiese. Unser Deichladen&nbsp; mit frischen Br\u00f6tchen, allem f\u00fcr den t\u00e4glichen Bedarf zum gro\u00dfen Teil Bio-Ware, Zeitschriften, Getr\u00e4nken, Souvenirs und Geschenkartikel, [&hellip;]<\/p>\n","protected":false},"author":2,"featured_media":1921,"parent":0,"menu_order":5,"comment_status":"closed","ping_status":"closed","template":"","meta":{"ngg_post_thumbnail":0},"_links":{"self":[{"href":"https:\/\/camping-stieglitz.de\/index.php?rest_route=\/wp\/v2\/pages\/9"}],"collection":[{"href":"https:\/\/camping-stieglitz.de\/index.php?rest_route=\/wp\/v2\/pages"}],"about":[{"href":"https:\/\/camping-stieglitz.de\/index.php?rest_route=\/wp\/v2\/types\/page"}],"author":[{"embeddable":true,"href":"https:\/\/camping-stieglitz.de\/index.php?rest_route=\/wp\/v2\/users\/2"}],"replies":[{"embeddable":true,"href":"https:\/\/camping-stieglitz.de\/index.php?rest_route=%2Fwp%2Fv2%2Fcomments&post=9"}],"version-history":[{"count":46,"href":"https:\/\/camping-stieglitz.de\/index.php?rest_route=\/wp\/v2\/pages\/9\/revisions"}],"predecessor-version":[{"id":2670,"href":"https:\/\/camping-stieglitz.de\/index.php?rest_route=\/wp\/v2\/pages\/9\/revisions\/2670"}],"wp:featuredmedia":[{"embeddable":true,"href":"https:\/\/camping-stieglitz.de\/index.php?rest_route=\/wp\/v2\/media\/1921"}],"wp:attachment":[{"href":"https:\/\/camping-stieglitz.de\/index.php?rest_route=%2Fwp%2Fv2%2Fmedia&parent=9"}],"curies":[{"name":"wp","href":"https:\/\/api.w.org\/{rel}","templated":true}]}}