{"id":45,"date":"2011-01-13T14:00:20","date_gmt":"2011-01-13T13:00:20","guid":{"rendered":"http:\/\/camping-stieglitz.de\/"},"modified":"2026-03-31T13:22:42","modified_gmt":"2026-03-31T12:22:42","slug":"mietunterkunfte","status":"publish","type":"page","link":"https:\/\/camping-stieglitz.de\/?page_id=45","title":{"rendered":"Mietunterk\u00fcnfte"},"content":{"rendered":"<p>Das Mobilheim: Ihr Ferienhaus auf unserem Camping Stieglitz!<\/p>\n<p>Auf unserem Campingplatz bieten wir Ihnen verschiedene Mobilheime zur Vermietung an. Mobilheime sind komplett ausgestattet, hei\u00dft sie verf\u00fcgen \u00fcber ein Wohnzimmer mit K\u00fcche und Esstisch, ein Elternschlafzimmer, ein oder zwei Kinderzimmer, einem WC Bereich und einen eigenen Duschbad.<\/p>\n<p>Sie suchen Komfort und Natur?&nbsp; Wir bieten die passenden Unterk\u00fcnfte, zu zweit im &#8222;<a href=\"https:\/\/camping-stieglitz.de\/?page_id=110\" target=\"_blank\" rel=\"noopener\">Corsaire<\/a>&#8220; Mobilheim, zu sechst im &#8222;<a href=\"https:\/\/camping-stieglitz.de\/?page_id=926\" target=\"_blank\" rel=\"noopener\">Tamaris<\/a>&#8222;, mit Hund im &#8222;<a href=\"https:\/\/camping-stieglitz.de\/?page_id=86\" target=\"_blank\" rel=\"noopener\">Batavier<\/a>&#8220; oder auf einem gro\u00dfen Stellplatz mit 300qm Garten wie beim &#8222;<a href=\"https:\/\/camping-stieglitz.de\/?page_id=887\" target=\"_blank\" rel=\"noopener\">Grand Large<\/a>&#8222;, oder vielleicht doch eins unserer Premium Modelle &#8222;<a href=\"https:\/\/camping-stieglitz.de\/?page_id=897\" target=\"_blank\" rel=\"noopener\">Sumba<\/a>&#8220; oder &#8222;<a href=\"https:\/\/camping-stieglitz.de\/?page_id=905\" target=\"_blank\" rel=\"noopener\">Taos<\/a>&#8222;? Alle unsere Modelle finden Sie <a href=\"https:\/\/camping-stieglitz.de\/?page_id=1878\">hier.<\/a> Einem sch\u00f6nen Urlaub und dem Naturerlebnis mit viel Komfort steht nicht mehr viel im Weg.<\/p>\n<p>Gerne k\u00f6nnen Sie bei uns auch im Wohnwagen \u00fcbernachten. Wir haben drei sch\u00f6ne Hobby Wohnwagen f\u00fcr zwei Erwachsene und zwei Kinder, mit Vorzelt und einer festen Toilette. Gelegen nicht weit von der Freizeitwiese auf einem sch\u00f6nen Stellplatz entdecken Sie das sch\u00f6ne Campingleben.<\/p>\n<p>Gerne sind wir Ihnen bei der Auswahl unser Modelle behilflich, schreiben Sie uns eine Mail an <a href=\"mailto:kontakt@camping-stieglitz.de\" target=\"_blank\" rel=\"noopener\">kontakt@camping-stieglitz.de<\/a> oder rufen Sie uns an unter 04364-471440.<\/p>\n<p>Eine \u00dcbersicht und <a href=\"https:\/\/camping-stieglitz.de\/?page_id=1878\" target=\"_blank\" rel=\"noopener\">Preisliste<\/a> finden Sie hier.<\/p>\n<p>&nbsp;<\/p>\n","protected":false},"excerpt":{"rendered":"<p>Das Mobilheim: Ihr Ferienhaus auf unserem Camping Stieglitz! Auf unserem Campingplatz bieten wir Ihnen verschiedene Mobilheime zur Vermietung an. Mobilheime sind komplett ausgestattet, hei\u00dft sie verf\u00fcgen \u00fcber ein Wohnzimmer mit K\u00fcche und Esstisch, ein Elternschlafzimmer, ein oder zwei Kinderzimmer, einem WC Bereich und einen eigenen Duschbad. Sie suchen Komfort und Natur?&nbsp; Wir bieten die passenden [&hellip;]<\/p>\n","protected":false},"author":2,"featured_media":1995,"parent":0,"menu_order":15,"comment_status":"closed","ping_status":"closed","template":"","meta":{"ngg_post_thumbnail":0},"_links":{"self":[{"href":"https:\/\/camping-stieglitz.de\/index.php?rest_route=\/wp\/v2\/pages\/45"}],"collection":[{"href":"https:\/\/camping-stieglitz.de\/index.php?rest_route=\/wp\/v2\/pages"}],"about":[{"href":"https:\/\/camping-stieglitz.de\/index.php?rest_route=\/wp\/v2\/types\/page"}],"author":[{"embeddable":true,"href":"https:\/\/camping-stieglitz.de\/index.php?rest_route=\/wp\/v2\/users\/2"}],"replies":[{"embeddable":true,"href":"https:\/\/camping-stieglitz.de\/index.php?rest_route=%2Fwp%2Fv2%2Fcomments&post=45"}],"version-history":[{"count":23,"href":"https:\/\/camping-stieglitz.de\/index.php?rest_route=\/wp\/v2\/pages\/45\/revisions"}],"predecessor-version":[{"id":2672,"href":"https:\/\/camping-stieglitz.de\/index.php?rest_route=\/wp\/v2\/pages\/45\/revisions\/2672"}],"wp:featuredmedia":[{"embeddable":true,"href":"https:\/\/camping-stieglitz.de\/index.php?rest_route=\/wp\/v2\/media\/1995"}],"wp:attachment":[{"href":"https:\/\/camping-stieglitz.de\/index.php?rest_route=%2Fwp%2Fv2%2Fmedia&parent=45"}],"curies":[{"name":"wp","href":"https:\/\/api.w.org\/{rel}","templated":true}]}}