{"id":104,"date":"2011-01-15T09:44:02","date_gmt":"2011-01-15T09:44:02","guid":{"rendered":"http:\/\/camping-stieglitz.de\/"},"modified":"2024-12-19T09:28:39","modified_gmt":"2024-12-19T08:28:39","slug":"dauercamping","status":"publish","type":"page","link":"https:\/\/camping-stieglitz.de\/?page_id=104","title":{"rendered":"Dauercamping"},"content":{"rendered":"<p style=\"text-align: justify;\">Jede Jahreszeit mit erleben, gem\u00fctlich nur mit dem PKW anreisen und sein eigenes kleines Feriendomizil an der Ostsee haben?<\/p>\n<p style=\"text-align: justify;\">Ein Dauer- oder Saisonstellplatz auf dem Camping Stieglitz bietet Ihnen und Ihrer Familie genau dies und noch einiges mehr.&nbsp; Schauen Sie einmal bei uns an der Ostsee vorbei, entdecken den Camping Stieglitz und finden Ihren Platz an der Ostsee. Unsere Stellpl\u00e4tze sind circa 100m\u00b2 gro\u00df, verf\u00fcgen \u00fcber einen 16 Amp Stromanschluss und sind fast alle mit Frischwasser und Abwasseranschluss ausgestattet. Gr\u00f6\u00dfere Stellpl\u00e4tze f\u00fcr Ihren Wohnwagen bieten wir Ihnen auf Anfrage gerne an.<\/p>\n<p>&nbsp;<\/p>\n<h3>Hier finden Sie unsere Angebote zum Thema &#8222;Dauercamping&#8220;<\/h3>\n\n\t\t\t<div class='tabs-left et_sliderfx_fade et_sliderauto_false et_sliderauto_speed_5000 et_slidertype_left_tabs clearfix'>\n\t\t\t\t<div class='et_left_tabs_bg'><\/div>\n\t\t\t\t<ul class='et-tabs-control'>\n\t\t\t<li><a href='#'>\n\t\t\tStellplatz\n\t\t<\/a><\/li> \n\t\t<li><a href='#'>\n\t\t\tNebenkosten\n\t\t<\/a><\/li> \n\t\t<li><a href='#'>\n\t\t\tFamilie &amp; Co.\n\t\t<\/a><\/li> \n\t\t<li><a href='#'>\n\t\t\tPflege\n\t\t<\/a><\/li>\n\t\t<\/ul> <!-- .et-tabs-control --> \n\t\t<div class='et-tabs-content'>\n\t\t\t<div class='et-tabs-content-main-wrap'>\n\t\t\t\t<div class='et-tabs-content-wrapper'>\n\t\t\t\t\t<div class='et_slidecontent'>\n\t\t\tStellplatz 100m\u00b2 mit Stromanschluss inkl. zwei Erwachsenen und im Haushalt lebende Kinder kostet \u20ac 1.595,00 f\u00fcr die Saison. Gr\u00f6\u00dfere Stellpl\u00e4tze rechnen wir pro m\u00b2 mehr \u20ac 6,00.\n\t\t<\/div> \n\t\t<div class='et_slidecontent'>\n\t\t\tDer Strom wird nach Verbrauch berechnet und liegt 2025 bei \u20ac 0,70 pro kWh. Ein Wasseranschluss kostet pauschal \u20ac 60,00; ein Festwasseranschluss f\u00fcr Toilette \u20ac 100,00 inkl. Verbrauch.\n\t\t<\/div> \n\t\t<div class='et_slidecontent'>\n\t\t\tEin zus\u00e4tzliche Person ab 18 Jahre kostet f\u00fcr die Saison \u20ac 150,00. Ein Hund kostet pro Saison \u20ac 70,00.\n\t\t<\/div> \n\t\t<div class='et_slidecontent'>\n\t\t\tNat\u00fcrlich helfen wir Ihnen beim Aufbau Ihres Stellplatzes oder bei der anfallenden Pflege Ihres Platzes. Ob Rasen m\u00e4hen, Hecke schneiden, Platten legen oder Wohnwagen waschen, wir packen mit an. Fragen Sie einfach nach einem individuell auf Sie zugeschnittenem Angebot.\n\t\t<\/div>\n\t\t\t\t<\/div>\n\t\t\t<\/div>\n\t\t<\/div>\n\t\t\t<\/div> <!-- .tabs-left -->\n<div class='et-box et-shadow'>\n\t\t\t\t\t<div class='et-box-content'>Hier finden Sie unseren&nbsp;<a href=\"http:\/\/camping-stieglitz.de\/wp-content\/uploads\/2011\/01\/VS-Fly-Stieglitz.pdf\">LAGEPLAN&nbsp;<\/a>als .pdf<\/div><\/div>\n<div class='et-box et-shadow'>\n\t\t\t\t\t<div class='et-box-content'>Hier finden Sie unseren&nbsp;<a href=\"http:\/\/camping-stieglitz.de\/wp-content\/uploads\/2011\/01\/543_1216817009.pdf\">Prospekt des Camping Stieglitz<\/a>&nbsp;als .pdf<\/div><\/div>\n<p>&nbsp;<\/p>\n","protected":false},"excerpt":{"rendered":"<p>Jede Jahreszeit mit erleben, gem\u00fctlich nur mit dem PKW anreisen und sein eigenes kleines Feriendomizil an der Ostsee haben? Ein Dauer- oder Saisonstellplatz auf dem Camping Stieglitz bietet Ihnen und Ihrer Familie genau dies und noch einiges mehr.&nbsp; Schauen Sie einmal bei uns an der Ostsee vorbei, entdecken den Camping Stieglitz und finden Ihren Platz [&hellip;]<\/p>\n","protected":false},"author":2,"featured_media":1946,"parent":9,"menu_order":50,"comment_status":"closed","ping_status":"closed","template":"page-full.php","meta":{"ngg_post_thumbnail":0},"_links":{"self":[{"href":"https:\/\/camping-stieglitz.de\/index.php?rest_route=\/wp\/v2\/pages\/104"}],"collection":[{"href":"https:\/\/camping-stieglitz.de\/index.php?rest_route=\/wp\/v2\/pages"}],"about":[{"href":"https:\/\/camping-stieglitz.de\/index.php?rest_route=\/wp\/v2\/types\/page"}],"author":[{"embeddable":true,"href":"https:\/\/camping-stieglitz.de\/index.php?rest_route=\/wp\/v2\/users\/2"}],"replies":[{"embeddable":true,"href":"https:\/\/camping-stieglitz.de\/index.php?rest_route=%2Fwp%2Fv2%2Fcomments&post=104"}],"version-history":[{"count":60,"href":"https:\/\/camping-stieglitz.de\/index.php?rest_route=\/wp\/v2\/pages\/104\/revisions"}],"predecessor-version":[{"id":2623,"href":"https:\/\/camping-stieglitz.de\/index.php?rest_route=\/wp\/v2\/pages\/104\/revisions\/2623"}],"up":[{"embeddable":true,"href":"https:\/\/camping-stieglitz.de\/index.php?rest_route=\/wp\/v2\/pages\/9"}],"wp:featuredmedia":[{"embeddable":true,"href":"https:\/\/camping-stieglitz.de\/index.php?rest_route=\/wp\/v2\/media\/1946"}],"wp:attachment":[{"href":"https:\/\/camping-stieglitz.de\/index.php?rest_route=%2Fwp%2Fv2%2Fmedia&parent=104"}],"curies":[{"name":"wp","href":"https:\/\/api.w.org\/{rel}","templated":true}]}}