{"id":102,"date":"2011-01-15T09:43:02","date_gmt":"2011-01-15T09:43:02","guid":{"rendered":"http:\/\/camping-stieglitz.de\/"},"modified":"2024-03-26T09:40:17","modified_gmt":"2024-03-26T08:40:17","slug":"platzplan","status":"publish","type":"page","link":"https:\/\/camping-stieglitz.de\/?page_id=102","title":{"rendered":"Platzplan"},"content":{"rendered":"<p>Der Camping Stieglitz liegt zwei Kilometer von der Seebr\u00fccke des Ostseebads Dahme entfernt. Gelegen an einem sch\u00f6nen D\u00fcnengel\u00e4nde, gesch\u00fctzt vom Deich, umgeben von Wald, Schafwiesen und einem kleinen Fluss bietet der Camping Stieglitz Ihnen Ruhe und Entspannung.<\/p>\n<p>Ein Blick auf unseren Campingplatz aus unser Sicht:<\/p>\n<p>&nbsp;<\/p>\n<div class='et-box et-shadow'>\n\t\t\t\t\t<div class='et-box-content'>Hier finden Sie unseren&nbsp;<a href=\"http:\/\/camping-stieglitz.de\/wp-content\/uploads\/2024\/03\/Campingplatz-Stieglitz-Platzplan-2024.pdf\">LAGEPLAN <\/a>als .pdf<\/div><\/div>\n<p>&nbsp;<\/p>\n<p>&#8230;und einmal aus der Perspektive von oben:<\/p>\n<p><img loading=\"lazy\" class=\"aligncenter size-full wp-image-1921\" src=\"http:\/\/camping-stieglitz.de\/wp-content\/uploads\/2023\/01\/Umgebung-passend.jpg\" alt=\"\" width=\"1500\" height=\"1000\" srcset=\"https:\/\/camping-stieglitz.de\/wp-content\/uploads\/2023\/01\/Umgebung-passend.jpg 1500w, https:\/\/camping-stieglitz.de\/wp-content\/uploads\/2023\/01\/Umgebung-passend-300x200.jpg 300w, https:\/\/camping-stieglitz.de\/wp-content\/uploads\/2023\/01\/Umgebung-passend-1024x683.jpg 1024w, https:\/\/camping-stieglitz.de\/wp-content\/uploads\/2023\/01\/Umgebung-passend-768x512.jpg 768w, https:\/\/camping-stieglitz.de\/wp-content\/uploads\/2023\/01\/Umgebung-passend-140x94.jpg 140w\" sizes=\"(max-width: 1500px) 100vw, 1500px\" \/><\/p>\n\n\n<p><\/p>\n\n\n\n<div class=\"wp-block-columns\">\n<div class=\"wp-block-column\" style=\"flex-basis:100%\">\n<iframe src=\"https:\/\/www.google.com\/maps\/embed?pb=!1m18!1m12!1m3!1d2331.465698349383!2d11.078022215872409!3d54.24264438017668!2m3!1f0!2f0!3f0!3m2!1i1024!2i768!4f13.1!3m3!1m2!1s0x47ad822fa81eefd9%3A0x3175223b882ec68a!2sCamping%20Stieglitz!5e0!3m2!1sde!2sde!4v1679831384614!5m2!1sde!2sde\" style=\"border:0;\" allowfullscreen=\"\" loading=\"lazy\" referrerpolicy=\"no-referrer-when-downgrade\" width=\"600\" height=\"450\"><\/iframe>\n<\/div>\n<\/div>\n\n\n\n<p><\/p>\n","protected":false},"excerpt":{"rendered":"<p>Der Camping Stieglitz liegt zwei Kilometer von der Seebr\u00fccke des Ostseebads Dahme entfernt. Gelegen an einem sch\u00f6nen D\u00fcnengel\u00e4nde, gesch\u00fctzt vom Deich, umgeben von Wald, Schafwiesen und einem kleinen Fluss bietet der Camping Stieglitz Ihnen Ruhe und Entspannung. Ein Blick auf unseren Campingplatz aus unser Sicht: &nbsp; &nbsp; &#8230;und einmal aus der Perspektive von oben:<\/p>\n","protected":false},"author":2,"featured_media":383,"parent":9,"menu_order":40,"comment_status":"closed","ping_status":"closed","template":"","meta":{"ngg_post_thumbnail":0},"_links":{"self":[{"href":"https:\/\/camping-stieglitz.de\/index.php?rest_route=\/wp\/v2\/pages\/102"}],"collection":[{"href":"https:\/\/camping-stieglitz.de\/index.php?rest_route=\/wp\/v2\/pages"}],"about":[{"href":"https:\/\/camping-stieglitz.de\/index.php?rest_route=\/wp\/v2\/types\/page"}],"author":[{"embeddable":true,"href":"https:\/\/camping-stieglitz.de\/index.php?rest_route=\/wp\/v2\/users\/2"}],"replies":[{"embeddable":true,"href":"https:\/\/camping-stieglitz.de\/index.php?rest_route=%2Fwp%2Fv2%2Fcomments&post=102"}],"version-history":[{"count":30,"href":"https:\/\/camping-stieglitz.de\/index.php?rest_route=\/wp\/v2\/pages\/102\/revisions"}],"predecessor-version":[{"id":2563,"href":"https:\/\/camping-stieglitz.de\/index.php?rest_route=\/wp\/v2\/pages\/102\/revisions\/2563"}],"up":[{"embeddable":true,"href":"https:\/\/camping-stieglitz.de\/index.php?rest_route=\/wp\/v2\/pages\/9"}],"wp:featuredmedia":[{"embeddable":true,"href":"https:\/\/camping-stieglitz.de\/index.php?rest_route=\/wp\/v2\/media\/383"}],"wp:attachment":[{"href":"https:\/\/camping-stieglitz.de\/index.php?rest_route=%2Fwp%2Fv2%2Fmedia&parent=102"}],"curies":[{"name":"wp","href":"https:\/\/api.w.org\/{rel}","templated":true}]}}